{"id":431,"date":"2024-08-22T11:55:45","date_gmt":"2024-08-22T11:55:45","guid":{"rendered":"https:\/\/jumpit.eu\/jumpit-netzwerktechnik-ubiquiti-fibra-optica-wifi\/"},"modified":"2026-04-01T08:51:28","modified_gmt":"2026-04-01T08:51:28","slug":"jumpit-netzwerktechnik-ubiquiti-fibra-optica-wifi","status":"publish","type":"page","link":"https:\/\/jumpit.eu\/es\/","title":{"rendered":"JumpIT Netzwerktechnik \u2022 Ubiquiti \u2022 Fibra \u00f3ptica \u2022 WIFI"},"content":{"rendered":"\n<div class=\"et_pb_section_0 et_pb_section et_section_regular et_block_section\"><div class=\"et_pb_row_0 et_pb_row et_pb_row_1-4_3-4 et_block_row et_block_row_1-4_3-4 preset--module--divi-row--5138c454-be54-4233-bd3b-f8e6a8747976\"><div class=\"et_pb_column_0 et_pb_column et_pb_column_1_4 et_block_column et_pb_column_empty et_pb_css_mix_blend_mode_passthrough preset--module--divi-column--73121f80-a3ef-4484-8763-c3f18e3c56d2\"><\/div><div class=\"et_pb_column_1 et_pb_column et_pb_column_3_4 et-last-child et_block_column et_pb_css_mix_blend_mode_passthrough preset--module--divi-column--73121f80-a3ef-4484-8763-c3f18e3c56d2\"><div class=\"et_pb_heading_0 et_pb_heading et_pb_module et_block_module preset--module--divi-heading--ddeb8c09-9078-4424-bc15-2efb6572e28e\"><div class=\"et_pb_heading_container\"><h1 class=\"et_pb_module_header\">JumpIT Netzwerke<\/h1><\/div><\/div><div class=\"et_pb_text_0 et_pb_text et_pb_bg_layout_light et_pb_module et_block_module preset--module--divi-text--0504de1e-f5ff-4281-ba60-cbbe4edf98bc\"><div class=\"et_pb_text_inner\"><p>Su socio de confianza para soluciones de red integrales en Mallorca.<\/p>\n<p>Con m&aacute;s de 20 a&ntilde;os en Mallorca y m&aacute;s de 35 a&ntilde;os de experiencia en el sector de redes y Mac.<\/p>\n<\/div><\/div><div class=\"et_pb_module et_pb_button_module_wrapper et_pb_button_0_wrapper preset--module--divi-button--ab15fb74-61a3-43aa-96b3-41e09aeef654_wrapper\"><a class=\"et_pb_button_0 et_pb_button et_pb_bg_layout_light et_pb_module et_block_module preset--module--divi-button--ab15fb74-61a3-43aa-96b3-41e09aeef654\" href=\"https:\/\/jumpit.eu\/unifi\/\">M&aacute;s informaci&oacute;n<\/a><\/div><\/div><\/div><\/div><div class=\"et_pb_section_1 et_pb_section et_section_regular et_block_section\"><div class=\"et_pb_row_1 et_pb_row et_block_row\"><div class=\"et_pb_column_2 et_pb_column et_pb_column_4_4 et-last-child et_block_column et_pb_css_mix_blend_mode_passthrough\"><div class=\"et_pb_heading_1 et_pb_heading et_pb_module et_block_module preset--module--divi-heading--c33f07d9-41e0-421a-8799-5799df695cce\"><div class=\"et_pb_heading_container\"><h2 class=\"et_pb_module_header\">Mi misi&oacute;n y visi&oacute;n<\/h2><\/div><\/div><div class=\"et_pb_text_1 et_pb_text et_pb_bg_layout_light et_pb_module et_block_module et_pb_text_align_center preset--module--divi-text--2c55a9c4-feed-423b-9edb-ae0b5b365cac\"><div class=\"et_pb_text_inner\"><h4>JumpIT: su experto en redes y WiFi en Mallorca<\/h4>\n<p>Internet ha adquirido un papel indispensable en nuestras vidas. Ya sea para los turistas que desean explorar de antemano las posibilidades de Internet en su alojamiento vacacional, o para los residentes que trabajan profesionalmente en Mallorca, una red fiable y escalable es hoy en d&iacute;a esencial. <\/p>\n<p><strong>Nuestra filosof&iacute;a: conexiones estables para necesidades individuales<\/strong><\/p>\n<p>En JumpIT, nuestro objetivo es desarrollar soluciones de red a medida que se adapten exactamente a sus necesidades espec&iacute;ficas. Tanto si posee una gran finca con extensas l&iacute;neas de cable como si necesita una red <a href=\"https:\/\/jumpit.eu\/es\/tooltip\/wifi\/\" target=\"_self\" title=\"WiFi bzw. WLAN bezeichnet ein drahtloses lokales Netzwerk, &uuml;ber das Ger&auml;te per Funk miteinander und mit dem Internet verbunden werden. Die Verbindung erfolgt &uuml;ber Access Points nach definierten Funkstandards (z. B. IEEE 802.11), die Reichweite und Datenrate bestimmen. WLAN bietet hohe Flexibilit&auml;t, ist aber st&auml;rker von St&ouml;rungen, baulichen Gegebenheiten und korrekter Planung abh&auml;ngig als kabelgebundene Netzwerke. F&uuml;r stabile Verbindungen sind saubere Kanalplanung, ausreichende Abdeckung und eine professionelle Konfiguration entscheidend.\" class=\"encyclopedia\">WiFi<\/a> estable para su propiedad, encontraremos la soluci&oacute;n &oacute;ptima para usted. <\/p>\n<p><strong>Componentes de alta calidad para un rendimiento m&aacute;ximo<\/strong><\/p>\n<p>Para garantizar una conexi&oacute;n fiable, confiamos exclusivamente en componentes de red de primera clase de fabricantes de renombre. Desde el tendido de los cables hasta la instalaci&oacute;n de las tomas de red, pasando por la configuraci&oacute;n de routers y switches, nos encargamos de todos los aspectos de su red. <\/p>\n<p><strong>Nuestra especialidad: instalaciones de fibra &oacute;ptica para fincas de gran tama&ntilde;o<\/strong><\/p>\n<p>Estamos especialmente orgullosos de nuestra experiencia en el &aacute;mbito de las instalaciones de fibra &oacute;ptica. Especialmente en las grandes fincas con largos tramos de cable, un cableado de fibra &oacute;ptica suele ser la opci&oacute;n ideal para garantizar una transmisi&oacute;n de datos r&aacute;pida y estable.<br>Como experto cualificado en <a href=\"https:\/\/jumpit.eu\/es\/tooltip\/ubiquiti\/\" target=\"_self\" title=\"Ubiquiti ist ein internationaler Hersteller von Netzwerk- und Funktechnik f&uuml;r professionelle und semiprofessionelle Einsatzbereiche. Das Unternehmen entwickelt Hardware und Software f&uuml;r WLAN-Infrastrukturen, Switches, Gateways, Richtfunkstrecken, Video&uuml;berwachung und Zutrittskontrolle. Bekannt ist Ubiquiti vor allem f&uuml;r die UniFi-Plattform, die eine zentrale Verwaltung komplexer Netzwerke erm&ouml;glicht. Die L&ouml;sungen werden h&auml;ufig in Unternehmen, Hotels, Industrieanlagen und gro&szlig;fl&auml;chigen Objekten eingesetzt, wo Leistung, Skalierbarkeit und Kontrolle wichtiger sind als klassische Consumer-Produkte.\" class=\"encyclopedia\">Ubiquiti<\/a> <a href=\"https:\/\/jumpit.eu\/es\/tooltip\/unifi\/\" target=\"_self\" title=\"UniFi ist eine Produkt- und Softwareplattform des Herstellers Ubiquiti, mit der sich Netzwerke zentral planen, verwalten und &uuml;berwachen lassen. Dazu geh&ouml;ren unter anderem Access Points, Switches, Gateways, Kameras, Zutrittskontrollen und T&uuml;rsprechanlagen. Die Ger&auml;te werden nicht einzeln konfiguriert, sondern &uuml;ber eine zentrale Verwaltungssoftware (UniFi Network \/ Protect \/ Access), was den Betrieb auch gr&ouml;&szlig;erer Netzwerke deutlich vereinfacht. UniFi wird h&auml;ufig in Unternehmen, Hotels, gro&szlig;en Wohnobjekten und auf weitl&auml;ufigen Grundst&uuml;cken eingesetzt, wo stabile Netzabdeckung, Sicherheit und zentrale Kontrolle entscheidend sind.\" class=\"encyclopedia\">UniFi<\/a>, contamos con los conocimientos t&eacute;cnicos y la experiencia necesarios para llevar a cabo con &eacute;xito incluso los proyectos m&aacute;s complejos. <\/p>\n<p><strong>Su socio de confianza para un futuro conectado<\/strong><\/p>\n<p>Tanto si desea optimizar su red existente como si desea construir una infraestructura completamente nueva, en JumpIT estamos a su lado para ayudarle de forma fiable. P&oacute;ngase en contacto con nosotros hoy mismo y perm&iacute;tanos encontrar juntos la soluci&oacute;n &oacute;ptima para sus necesidades. <\/p>\n<\/div><\/div><div class=\"et_pb_image_0 et_pb_image et_pb_module et_block_module preset--module--divi-image--1cc6152f-565c-4c4d-b0c9-cf8c9576c341\"><span class=\"et_pb_image_wrap\"><img decoding=\"async\" src=\"https:\/\/images.unsplash.com\/photo-1460925895917-afdab827c52f?ixid=M3w1ODkyNzF8MHwxfHNlYXJjaHw3fHxidXNpbmVzcyUyMHRlYW0lMjBtZWV0aW5nfGVufDB8MHx8fDE3MjM4NDgxODF8MA&amp;ixlib=rb-4.0.3&amp;fm=webp&amp;fit=crop&amp;crop=entropy&amp;w=1080&amp;h=600&amp;q=20&amp;dpr=2\" title=\"1080x600\"><\/span><\/div><\/div><\/div><\/div><div class=\"et_pb_section_2 et_pb_section et_section_regular et_block_section\"><div class=\"et_pb_row_2 et_pb_row et_block_row\"><div class=\"et_pb_column_3 et_pb_column et_pb_column_1_2 et_block_column et_pb_css_mix_blend_mode_passthrough\"><div class=\"et_pb_text_2 et_pb_text et_pb_bg_layout_light et_pb_module et_block_module\"><div class=\"et_pb_text_inner\"><h1>Ubiquiti UNIFI Professional<\/h1>\n<\/div><\/div><div class=\"et_pb_image_1 et_pb_image et_pb_module et_block_module\"><span class=\"et_pb_image_wrap\"><img loading=\"lazy\" decoding=\"async\" src=\"https:\/\/jumpit.eu\/wp-content\/uploads\/2024\/10\/ucgUltra.f625913b.jpg\" width=\"649\" height=\"365\" srcset=\"https:\/\/jumpit.eu\/wp-content\/uploads\/2024\/10\/ucgUltra.f625913b.jpg 649w, https:\/\/jumpit.eu\/wp-content\/uploads\/2024\/10\/ucgUltra.f625913b-480x270.jpg 480w\" sizes=\"(min-width: 0px) and (max-width: 480px) 480px, (min-width: 481px) 649px, 100vw\" class=\"wp-image-209\" title=\"Unifi UCG Ultra\" alt=\"Unifi UCG Ultra. Router de puerta de enlace en la nube de 2,5 GB\"><\/span><\/div><div class=\"et_pb_text_3 et_pb_text et_pb_bg_layout_light et_pb_module et_block_module\"><div class=\"et_pb_text_inner\"><p><span>Ofrecemos soluciones a medida para sus necesidades de red y <a href=\"https:\/\/jumpit.eu\/es\/tooltip\/wlan\/\" target=\"_self\" title=\"WLAN (Wireless Local Area Network) ist ein drahtloses lokales Netzwerk, &uuml;ber das Ger&auml;te per Funk statt per Kabel verbunden sind. Technisch basiert WLAN auf dem IEEE-802.11-Standard und nutzt Funkfrequenzen im 2,4-, 5- und 6-GHz-Band. Wichtig f&uuml;r die Praxis: WLAN ersetzt kein Kabel, es erg&auml;nzt es Stabilit&auml;t und Geschwindigkeit h&auml;ngen stark von Planung, Kanalwahl und Sendeleistung ab Mehr Access Points &ne; besseres WLAN, wenn falsch konfiguriert\" class=\"encyclopedia\">WLAN<\/a>. Desde la planificaci&oacute;n precisa hasta la instalaci&oacute;n profesional y el mantenimiento fiable, apostamos por los potentes sistemas <strong><a href=\"https:\/\/jumpit.eu\/es\/tooltip\/ubiquiti\/\" target=\"_self\" title=\"Ubiquiti ist ein internationaler Hersteller von Netzwerk- und Funktechnik f&uuml;r professionelle und semiprofessionelle Einsatzbereiche. Das Unternehmen entwickelt Hardware und Software f&uuml;r WLAN-Infrastrukturen, Switches, Gateways, Richtfunkstrecken, Video&uuml;berwachung und Zutrittskontrolle. Bekannt ist Ubiquiti vor allem f&uuml;r die UniFi-Plattform, die eine zentrale Verwaltung komplexer Netzwerke erm&ouml;glicht. Die L&ouml;sungen werden h&auml;ufig in Unternehmen, Hotels, Industrieanlagen und gro&szlig;fl&auml;chigen Objekten eingesetzt, wo Leistung, Skalierbarkeit und Kontrolle wichtiger sind als klassische Consumer-Produkte.\" class=\"encyclopedia\">Ubiquiti<\/a> <a href=\"https:\/\/jumpit.eu\/es\/tooltip\/unifi\/\" target=\"_self\" title=\"UniFi ist eine Produkt- und Softwareplattform des Herstellers Ubiquiti, mit der sich Netzwerke zentral planen, verwalten und &uuml;berwachen lassen. Dazu geh&ouml;ren unter anderem Access Points, Switches, Gateways, Kameras, Zutrittskontrollen und T&uuml;rsprechanlagen. Die Ger&auml;te werden nicht einzeln konfiguriert, sondern &uuml;ber eine zentrale Verwaltungssoftware (UniFi Network \/ Protect \/ Access), was den Betrieb auch gr&ouml;&szlig;erer Netzwerke deutlich vereinfacht. UniFi wird h&auml;ufig in Unternehmen, Hotels, gro&szlig;en Wohnobjekten und auf weitl&auml;ufigen Grundst&uuml;cken eingesetzt, wo stabile Netzabdeckung, Sicherheit und zentrale Kontrolle entscheidend sind.\" class=\"encyclopedia\">UNIFI<\/a><\/strong>. Ya sea para empresas, hoteles o particulares, garantizamos redes estables, seguras y de alto rendimiento que se adaptan perfectamente a sus necesidades. Conf&iacute;e en nuestra experiencia para una soluci&oacute;n de red preparada para el futuro.   <\/span><\/p>\n<\/div><\/div><div class=\"et_pb_module et_pb_button_module_wrapper et_pb_button_1_wrapper\"><a class=\"et_pb_button_1 et_pb_button et_pb_bg_layout_light et_pb_module et_block_module\" href=\"https:\/\/jumpit.eu\/es\/wifi-red-ubiquiti-unifi\/\">m&aacute;s informaci&oacute;n<\/a><\/div><\/div><div class=\"et_pb_column_4 et_pb_column et_pb_column_1_2 et-last-child et_block_column et_pb_css_mix_blend_mode_passthrough\"><div class=\"et_pb_image_2 et_pb_image et_pb_module et_block_module\"><a href=\"https:\/\/jumpit.eu\/es\/vpn\/\"><span class=\"et_pb_image_wrap\"><img loading=\"lazy\" decoding=\"async\" src=\"https:\/\/jumpit.eu\/wp-content\/uploads\/2024\/10\/facebook-VPN.png\" width=\"940\" height=\"788\" srcset=\"https:\/\/jumpit.eu\/wp-content\/uploads\/2024\/10\/facebook-VPN.png 940w, https:\/\/jumpit.eu\/wp-content\/uploads\/2024\/10\/facebook-VPN-480x402.png 480w\" sizes=\"(min-width: 0px) and (max-width: 480px) 480px, (min-width: 481px) 940px, 100vw\" class=\"wp-image-211\"><\/span><\/a><\/div><\/div><\/div><\/div><div class=\"et_pb_section_3 et_pb_section et_section_regular et_block_section\"><div class=\"et_pb_row_3 et_pb_row et_block_row\"><div class=\"et_pb_column_5 et_pb_column et_pb_column_1_2 et_block_column et_pb_css_mix_blend_mode_passthrough\"><div class=\"et_pb_text_4 et_pb_text et_pb_bg_layout_light et_pb_module et_block_module\"><div class=\"et_pb_text_inner\"><h1>Concertar una cita<\/h1>\n<p>&iquest;Necesita una cita in situ? Aqu&iacute; puede reservar su cita.  <\/p>\n<p>Tenga en cuenta que los servicios in situ duran un m&iacute;nimo de 2 horas. Excepci&oacute;n: zona central de Llucmajor (no urbanizaciones) <\/p>\n<\/div><\/div><\/div><div class=\"et_pb_column_6 et_pb_column et_pb_column_1_2 et-last-child et_block_column et_pb_css_mix_blend_mode_passthrough\"><div class=\"et_pb_code_0 et_pb_code et_pb_module\"><div class=\"et_pb_code_inner\"><!-- Embedded booking begin --><div class=\"embedded-booking\" data-url=\"https:\/\/termin.jumpit.eu\" data-query=\"&amp;t=s&amp;uuid=c856fa06-2522-479e-ab08-f8818e5e925d\" data-employee=\"michael-fleischmann\" data-lang=\"de\" data-autoresize=\"1\" data-showsidebar=\"1\" style=\"min-width: 320px; height: 768px;\"><\/div><script type=\"text\/javascript\" src=\"https:\/\/termin.jumpit.eu\/embed.js\" async=\"\"><\/script><!-- Embedded booking end --><\/div><\/div><\/div><\/div><\/div><div class=\"et_pb_section_4 et_pb_section et_section_regular et_block_section\"><div class=\"et_pb_row_4 et_pb_row et_pb_equal_columns et_block_row\"><div class=\"et_pb_column_7 et_pb_column et_pb_column_1_3 et_block_column et_pb_css_mix_blend_mode_passthrough\"><div class=\"et_pb_heading_2 et_pb_heading et_pb_module et_block_module preset--module--divi-heading--a3805066-8711-43c7-9f62-5782da0e9f7a\"><div class=\"et_pb_heading_container\"><h3 class=\"et_pb_module_header\">JumpIT Netzwerk Service<\/h3><\/div><\/div><div class=\"et_pb_text_5 et_pb_text et_pb_bg_layout_light et_pb_module et_block_module\"><div class=\"et_pb_text_inner\"><p style=\"text-align: center;\">Ronda de Ponent 13 \/ 81<br>07620 Llucmajor<\/p>\n<p style=\"text-align: center;\">Tel ES: +34 644 473 220<br>Tel DE: +49 157 311 63303<\/p>\n<\/div><\/div><\/div><div class=\"et_pb_column_8 et_pb_column et_pb_column_1_3 et_block_column et_pb_css_mix_blend_mode_passthrough\"><div class=\"et_pb_heading_3 et_pb_heading et_pb_module et_block_module preset--module--divi-heading--a3805066-8711-43c7-9f62-5782da0e9f7a\"><div class=\"et_pb_heading_container\"><h5 class=\"et_pb_module_header\">info@jumpit.eu<\/h5><\/div><\/div><\/div><div class=\"et_pb_column_9 et_pb_column et_pb_column_1_3 et-last-child et_block_column et_pb_column_empty et_pb_css_mix_blend_mode_passthrough\"><\/div><\/div><\/div>\n","protected":false},"excerpt":{"rendered":"","protected":false},"author":1,"featured_media":0,"parent":0,"menu_order":0,"comment_status":"closed","ping_status":"closed","template":"","meta":{"footnotes":""},"class_list":["post-431","page","type-page","status-publish","hentry"],"yoast_head":"<!-- This site is optimized with the Yoast SEO Premium plugin v27.5 (Yoast SEO v27.5) - https:\/\/yoast.com\/product\/yoast-seo-premium-wordpress\/ -->\n<title>Instalaciones de redes en Mallorca<\/title>\n<meta name=\"description\" content=\"Instalador UniFi Mallorca, t\u00e9cnico de redes Mallorca, Internet Finca Mallorca, amplificaci\u00f3n de WLAN Mallorca, instalaci\u00f3n de fibra \u00f3ptica Mallorca\" \/>\n<meta name=\"robots\" content=\"index, follow, max-snippet:-1, max-image-preview:large, max-video-preview:-1\" \/>\n<link rel=\"canonical\" href=\"https:\/\/jumpit.eu\/es\/\" \/>\n<meta property=\"og:locale\" content=\"es_ES\" \/>\n<meta property=\"og:type\" content=\"article\" \/>\n<meta property=\"og:title\" content=\"JumpIT Netzwerktechnik \u2022 Ubiquiti \u2022 Fibra \u00f3ptica \u2022 WIFI\" \/>\n<meta property=\"og:description\" content=\"Instalador UniFi Mallorca, t\u00e9cnico de redes Mallorca, Internet Finca Mallorca, amplificaci\u00f3n de WLAN Mallorca, instalaci\u00f3n de fibra \u00f3ptica Mallorca\" \/>\n<meta property=\"og:url\" content=\"https:\/\/jumpit.eu\/es\/\" \/>\n<meta property=\"og:site_name\" content=\"JumpIT Glasfaser Netzwerke und UNIFI \/ Ubiquiti\" \/>\n<meta property=\"article:modified_time\" content=\"2026-04-01T08:51:28+00:00\" \/>\n<meta property=\"og:image\" content=\"https:\/\/jumpit.eu\/wp-content\/uploads\/2024\/08\/jumpit-netzwerktechnik-glasfaser-wifi.jpg\" \/>\n\t<meta property=\"og:image:width\" content=\"2300\" \/>\n\t<meta property=\"og:image:height\" content=\"1533\" \/>\n\t<meta property=\"og:image:type\" content=\"image\/jpeg\" \/>\n<meta name=\"twitter:card\" content=\"summary_large_image\" \/>\n<script type=\"application\/ld+json\" class=\"yoast-schema-graph\">{\"@context\":\"https:\\\/\\\/schema.org\",\"@graph\":[{\"@type\":\"WebPage\",\"@id\":\"https:\\\/\\\/jumpit.eu\\\/es\\\/\",\"url\":\"https:\\\/\\\/jumpit.eu\\\/es\\\/\",\"name\":\"Instalaciones de redes en Mallorca\",\"isPartOf\":{\"@id\":\"https:\\\/\\\/jumpit.eu\\\/es\\\/#website\"},\"datePublished\":\"2024-08-22T11:55:45+00:00\",\"dateModified\":\"2026-04-01T08:51:28+00:00\",\"description\":\"Instalador UniFi Mallorca, t\u00e9cnico de redes Mallorca, Internet Finca Mallorca, amplificaci\u00f3n de WLAN Mallorca, instalaci\u00f3n de fibra \u00f3ptica Mallorca\",\"breadcrumb\":{\"@id\":\"https:\\\/\\\/jumpit.eu\\\/es\\\/#breadcrumb\"},\"inLanguage\":\"es\",\"potentialAction\":[{\"@type\":\"ReadAction\",\"target\":[\"https:\\\/\\\/jumpit.eu\\\/es\\\/\"]}]},{\"@type\":\"BreadcrumbList\",\"@id\":\"https:\\\/\\\/jumpit.eu\\\/es\\\/#breadcrumb\",\"itemListElement\":[{\"@type\":\"ListItem\",\"position\":1,\"name\":\"Startseite\",\"item\":\"https:\\\/\\\/jumpit.eu\\\/es\\\/jumpit-netzwerktechnik-ubiquiti-fibra-optica-wifi\\\/\"},{\"@type\":\"ListItem\",\"position\":2,\"name\":\"JumpIT Netzwerktechnik \u2022 Ubiquiti \u2022 Fibra \u00f3ptica \u2022 WIFI\"}]},{\"@type\":\"WebSite\",\"@id\":\"https:\\\/\\\/jumpit.eu\\\/es\\\/#website\",\"url\":\"https:\\\/\\\/jumpit.eu\\\/es\\\/\",\"name\":\"JumpIT Glasfaser Netzwerke und UNIFI \\\/ Ubiquiti\",\"description\":\"Elektriker sind keine Netzwerk Spezialisten!\",\"publisher\":{\"@id\":\"https:\\\/\\\/jumpit.eu\\\/es\\\/#organization\"},\"alternateName\":\"Starlink, Ubiquiti, Unifi Netzwerke. Deutsche IP Adresse f\u00fcr TV\",\"potentialAction\":[{\"@type\":\"SearchAction\",\"target\":{\"@type\":\"EntryPoint\",\"urlTemplate\":\"https:\\\/\\\/jumpit.eu\\\/es\\\/?s={search_term_string}\"},\"query-input\":{\"@type\":\"PropertyValueSpecification\",\"valueRequired\":true,\"valueName\":\"search_term_string\"}}],\"inLanguage\":\"es\"},{\"@type\":[\"Organization\",\"Place\",\"LocalBusiness\"],\"@id\":\"https:\\\/\\\/jumpit.eu\\\/es\\\/#organization\",\"name\":\"JumpIT EDV Service\",\"url\":\"https:\\\/\\\/jumpit.eu\\\/es\\\/\",\"logo\":{\"@id\":\"https:\\\/\\\/jumpit.eu\\\/es\\\/#local-main-organization-logo\"},\"image\":{\"@id\":\"https:\\\/\\\/jumpit.eu\\\/es\\\/#local-main-organization-logo\"},\"address\":{\"@id\":\"https:\\\/\\\/jumpit.eu\\\/es\\\/#local-main-place-address\"},\"telephone\":[\"+34644473220\"],\"openingHoursSpecification\":[{\"@type\":\"OpeningHoursSpecification\",\"dayOfWeek\":[\"Monday\",\"Tuesday\",\"Wednesday\",\"Thursday\",\"Friday\",\"Saturday\",\"Sunday\"],\"opens\":\"09:00\",\"closes\":\"17:00\"}],\"email\":\"info@jumpit.eu\",\"priceRange\":\"$$$\"},{\"@type\":\"PostalAddress\",\"@id\":\"https:\\\/\\\/jumpit.eu\\\/es\\\/#local-main-place-address\",\"streetAddress\":\"Carrer de la Marina 104\",\"addressLocality\":\"Llucmajor\",\"postalCode\":\"07620\",\"addressRegion\":\"Mallorca\",\"addressCountry\":\"ES\"},{\"@type\":\"ImageObject\",\"inLanguage\":\"es\",\"@id\":\"https:\\\/\\\/jumpit.eu\\\/es\\\/#local-main-organization-logo\",\"url\":\"https:\\\/\\\/jumpit.eu\\\/wp-content\\\/uploads\\\/2024\\\/08\\\/JumpIT-Logo-2024.svg\",\"contentUrl\":\"https:\\\/\\\/jumpit.eu\\\/wp-content\\\/uploads\\\/2024\\\/08\\\/JumpIT-Logo-2024.svg\",\"width\":227.46,\"height\":83.8,\"caption\":\"JumpIT EDV Service\"}]}<\/script>\n<meta name=\"geo.placename\" content=\"Llucmajor\" \/>\n<meta name=\"geo.region\" content=\"Espa\u00f1a\" \/>\n<!-- \/ Yoast SEO Premium plugin. -->","yoast_head_json":{"title":"Instalaciones de redes en Mallorca","description":"Instalador UniFi Mallorca, t\u00e9cnico de redes Mallorca, Internet Finca Mallorca, amplificaci\u00f3n de WLAN Mallorca, instalaci\u00f3n de fibra \u00f3ptica Mallorca","robots":{"index":"index","follow":"follow","max-snippet":"max-snippet:-1","max-image-preview":"max-image-preview:large","max-video-preview":"max-video-preview:-1"},"canonical":"https:\/\/jumpit.eu\/es\/","og_locale":"es_ES","og_type":"article","og_title":"JumpIT Netzwerktechnik \u2022 Ubiquiti \u2022 Fibra \u00f3ptica \u2022 WIFI","og_description":"Instalador UniFi Mallorca, t\u00e9cnico de redes Mallorca, Internet Finca Mallorca, amplificaci\u00f3n de WLAN Mallorca, instalaci\u00f3n de fibra \u00f3ptica Mallorca","og_url":"https:\/\/jumpit.eu\/es\/","og_site_name":"JumpIT Glasfaser Netzwerke und UNIFI \/ Ubiquiti","article_modified_time":"2026-04-01T08:51:28+00:00","og_image":[{"width":2300,"height":1533,"url":"https:\/\/jumpit.eu\/wp-content\/uploads\/2024\/08\/jumpit-netzwerktechnik-glasfaser-wifi.jpg","type":"image\/jpeg"}],"twitter_card":"summary_large_image","schema":{"@context":"https:\/\/schema.org","@graph":[{"@type":"WebPage","@id":"https:\/\/jumpit.eu\/es\/","url":"https:\/\/jumpit.eu\/es\/","name":"Instalaciones de redes en Mallorca","isPartOf":{"@id":"https:\/\/jumpit.eu\/es\/#website"},"datePublished":"2024-08-22T11:55:45+00:00","dateModified":"2026-04-01T08:51:28+00:00","description":"Instalador UniFi Mallorca, t\u00e9cnico de redes Mallorca, Internet Finca Mallorca, amplificaci\u00f3n de WLAN Mallorca, instalaci\u00f3n de fibra \u00f3ptica Mallorca","breadcrumb":{"@id":"https:\/\/jumpit.eu\/es\/#breadcrumb"},"inLanguage":"es","potentialAction":[{"@type":"ReadAction","target":["https:\/\/jumpit.eu\/es\/"]}]},{"@type":"BreadcrumbList","@id":"https:\/\/jumpit.eu\/es\/#breadcrumb","itemListElement":[{"@type":"ListItem","position":1,"name":"Startseite","item":"https:\/\/jumpit.eu\/es\/jumpit-netzwerktechnik-ubiquiti-fibra-optica-wifi\/"},{"@type":"ListItem","position":2,"name":"JumpIT Netzwerktechnik \u2022 Ubiquiti \u2022 Fibra \u00f3ptica \u2022 WIFI"}]},{"@type":"WebSite","@id":"https:\/\/jumpit.eu\/es\/#website","url":"https:\/\/jumpit.eu\/es\/","name":"JumpIT Glasfaser Netzwerke und UNIFI \/ Ubiquiti","description":"Elektriker sind keine Netzwerk Spezialisten!","publisher":{"@id":"https:\/\/jumpit.eu\/es\/#organization"},"alternateName":"Starlink, Ubiquiti, Unifi Netzwerke. Deutsche IP Adresse f\u00fcr TV","potentialAction":[{"@type":"SearchAction","target":{"@type":"EntryPoint","urlTemplate":"https:\/\/jumpit.eu\/es\/?s={search_term_string}"},"query-input":{"@type":"PropertyValueSpecification","valueRequired":true,"valueName":"search_term_string"}}],"inLanguage":"es"},{"@type":["Organization","Place","LocalBusiness"],"@id":"https:\/\/jumpit.eu\/es\/#organization","name":"JumpIT EDV Service","url":"https:\/\/jumpit.eu\/es\/","logo":{"@id":"https:\/\/jumpit.eu\/es\/#local-main-organization-logo"},"image":{"@id":"https:\/\/jumpit.eu\/es\/#local-main-organization-logo"},"address":{"@id":"https:\/\/jumpit.eu\/es\/#local-main-place-address"},"telephone":["+34644473220"],"openingHoursSpecification":[{"@type":"OpeningHoursSpecification","dayOfWeek":["Monday","Tuesday","Wednesday","Thursday","Friday","Saturday","Sunday"],"opens":"09:00","closes":"17:00"}],"email":"info@jumpit.eu","priceRange":"$$$"},{"@type":"PostalAddress","@id":"https:\/\/jumpit.eu\/es\/#local-main-place-address","streetAddress":"Carrer de la Marina 104","addressLocality":"Llucmajor","postalCode":"07620","addressRegion":"Mallorca","addressCountry":"ES"},{"@type":"ImageObject","inLanguage":"es","@id":"https:\/\/jumpit.eu\/es\/#local-main-organization-logo","url":"https:\/\/jumpit.eu\/wp-content\/uploads\/2024\/08\/JumpIT-Logo-2024.svg","contentUrl":"https:\/\/jumpit.eu\/wp-content\/uploads\/2024\/08\/JumpIT-Logo-2024.svg","width":227.46,"height":83.8,"caption":"JumpIT EDV Service"}]},"geo.placename":"Llucmajor","geo.region":"Espa\u00f1a"},"_links":{"self":[{"href":"https:\/\/jumpit.eu\/es\/wp-json\/wp\/v2\/pages\/431","targetHints":{"allow":["GET"]}}],"collection":[{"href":"https:\/\/jumpit.eu\/es\/wp-json\/wp\/v2\/pages"}],"about":[{"href":"https:\/\/jumpit.eu\/es\/wp-json\/wp\/v2\/types\/page"}],"author":[{"embeddable":true,"href":"https:\/\/jumpit.eu\/es\/wp-json\/wp\/v2\/users\/1"}],"replies":[{"embeddable":true,"href":"https:\/\/jumpit.eu\/es\/wp-json\/wp\/v2\/comments?post=431"}],"version-history":[{"count":13,"href":"https:\/\/jumpit.eu\/es\/wp-json\/wp\/v2\/pages\/431\/revisions"}],"predecessor-version":[{"id":760,"href":"https:\/\/jumpit.eu\/es\/wp-json\/wp\/v2\/pages\/431\/revisions\/760"}],"wp:attachment":[{"href":"https:\/\/jumpit.eu\/es\/wp-json\/wp\/v2\/media?parent=431"}],"curies":[{"name":"wp","href":"https:\/\/api.w.org\/{rel}","templated":true}]}}