{"id":441,"date":"2024-10-08T06:39:37","date_gmt":"2024-10-08T06:39:37","guid":{"rendered":"https:\/\/jumpit.eu\/wifi-red-ubiquiti-unifi\/"},"modified":"2026-04-01T08:52:03","modified_gmt":"2026-04-01T08:52:03","slug":"wifi-red-ubiquiti-unifi","status":"publish","type":"page","link":"https:\/\/jumpit.eu\/es\/wifi-red-ubiquiti-unifi\/","title":{"rendered":"Wifi\/red Ubiquiti Unifi"},"content":{"rendered":"","protected":false},"excerpt":{"rendered":"","protected":false},"author":1,"featured_media":442,"parent":0,"menu_order":0,"comment_status":"closed","ping_status":"closed","template":"","meta":{"footnotes":""},"class_list":["post-441","page","type-page","status-publish","has-post-thumbnail","hentry"],"yoast_head":"<!-- This site is optimized with the Yoast SEO Premium plugin v27.5 (Yoast SEO v27.5) - https:\/\/yoast.com\/product\/yoast-seo-premium-wordpress\/ -->\n<title>Wifi\/red Ubiquiti Unifi - JumpIT Glasfaser Netzwerke und UNIFI \/ Ubiquiti<\/title>\n<meta name=\"description\" content=\"Redes UNIFI, c\u00e1maras de seguridad y control de acceso\/interfonos. Amplia asesor\u00eda, instalaci\u00f3n y puesta en marcha.\" \/>\n<meta name=\"robots\" content=\"index, follow, max-snippet:-1, max-image-preview:large, max-video-preview:-1\" \/>\n<link rel=\"canonical\" href=\"https:\/\/jumpit.eu\/es\/wifi-red-ubiquiti-unifi\/\" \/>\n<meta property=\"og:locale\" content=\"es_ES\" \/>\n<meta property=\"og:type\" content=\"article\" \/>\n<meta property=\"og:title\" content=\"Wifi\/red Ubiquiti Unifi\" \/>\n<meta property=\"og:description\" content=\"Redes UNIFI, c\u00e1maras de seguridad y control de acceso\/interfonos. Amplia asesor\u00eda, instalaci\u00f3n y puesta en marcha.\" \/>\n<meta property=\"og:url\" content=\"https:\/\/jumpit.eu\/es\/wifi-red-ubiquiti-unifi\/\" \/>\n<meta property=\"og:site_name\" content=\"JumpIT Glasfaser Netzwerke und UNIFI \/ Ubiquiti\" \/>\n<meta property=\"article:modified_time\" content=\"2026-04-01T08:52:03+00:00\" \/>\n<meta property=\"og:image\" content=\"https:\/\/jumpit.eu\/wp-content\/uploads\/2025\/06\/IMG_4349-768x1024.jpeg\" \/>\n\t<meta property=\"og:image:width\" content=\"768\" \/>\n\t<meta property=\"og:image:height\" content=\"1024\" \/>\n\t<meta property=\"og:image:type\" content=\"image\/jpeg\" \/>\n<meta name=\"twitter:card\" content=\"summary_large_image\" \/>\n<script type=\"application\/ld+json\" class=\"yoast-schema-graph\">{\"@context\":\"https:\\\/\\\/schema.org\",\"@graph\":[{\"@type\":\"WebPage\",\"@id\":\"https:\\\/\\\/jumpit.eu\\\/es\\\/wifi-red-ubiquiti-unifi\\\/\",\"url\":\"https:\\\/\\\/jumpit.eu\\\/es\\\/wifi-red-ubiquiti-unifi\\\/\",\"name\":\"Wifi\\\/red Ubiquiti Unifi - JumpIT Glasfaser Netzwerke und UNIFI \\\/ Ubiquiti\",\"isPartOf\":{\"@id\":\"https:\\\/\\\/jumpit.eu\\\/es\\\/#website\"},\"primaryImageOfPage\":{\"@id\":\"https:\\\/\\\/jumpit.eu\\\/es\\\/wifi-red-ubiquiti-unifi\\\/#primaryimage\"},\"image\":{\"@id\":\"https:\\\/\\\/jumpit.eu\\\/es\\\/wifi-red-ubiquiti-unifi\\\/#primaryimage\"},\"thumbnailUrl\":\"https:\\\/\\\/jumpit.eu\\\/wp-content\\\/uploads\\\/2025\\\/06\\\/IMG_4349.jpeg\",\"datePublished\":\"2024-10-08T06:39:37+00:00\",\"dateModified\":\"2026-04-01T08:52:03+00:00\",\"description\":\"Redes UNIFI, c\u00e1maras de seguridad y control de acceso\\\/interfonos. Amplia asesor\u00eda, instalaci\u00f3n y puesta en marcha.\",\"breadcrumb\":{\"@id\":\"https:\\\/\\\/jumpit.eu\\\/es\\\/wifi-red-ubiquiti-unifi\\\/#breadcrumb\"},\"inLanguage\":\"es\",\"potentialAction\":[{\"@type\":\"ReadAction\",\"target\":[\"https:\\\/\\\/jumpit.eu\\\/es\\\/wifi-red-ubiquiti-unifi\\\/\"]}]},{\"@type\":\"ImageObject\",\"inLanguage\":\"es\",\"@id\":\"https:\\\/\\\/jumpit.eu\\\/es\\\/wifi-red-ubiquiti-unifi\\\/#primaryimage\",\"url\":\"https:\\\/\\\/jumpit.eu\\\/wp-content\\\/uploads\\\/2025\\\/06\\\/IMG_4349.jpeg\",\"contentUrl\":\"https:\\\/\\\/jumpit.eu\\\/wp-content\\\/uploads\\\/2025\\\/06\\\/IMG_4349.jpeg\",\"width\":6048,\"height\":8064,\"caption\":\"JumpIT UNIFI Un dispositivo blanco inal\u00e1mbrico UNIFI-Mallorca con dos antenas y una c\u00e1mara de vigilancia est\u00e1n montados en un poste de madera. Debajo se ven paneles solares. El fondo muestra campos verdes y un cielo parcialmente nublado.\"},{\"@type\":\"BreadcrumbList\",\"@id\":\"https:\\\/\\\/jumpit.eu\\\/es\\\/wifi-red-ubiquiti-unifi\\\/#breadcrumb\",\"itemListElement\":[{\"@type\":\"ListItem\",\"position\":1,\"name\":\"Startseite\",\"item\":\"https:\\\/\\\/jumpit.eu\\\/es\\\/jumpit-netzwerktechnik-ubiquiti-fibra-optica-wifi\\\/\"},{\"@type\":\"ListItem\",\"position\":2,\"name\":\"Wifi\\\/red Ubiquiti Unifi\"}]},{\"@type\":\"WebSite\",\"@id\":\"https:\\\/\\\/jumpit.eu\\\/es\\\/#website\",\"url\":\"https:\\\/\\\/jumpit.eu\\\/es\\\/\",\"name\":\"JumpIT Glasfaser Netzwerke und UNIFI \\\/ Ubiquiti\",\"description\":\"Elektriker sind keine Netzwerk Spezialisten!\",\"publisher\":{\"@id\":\"https:\\\/\\\/jumpit.eu\\\/es\\\/#organization\"},\"alternateName\":\"Starlink, Ubiquiti, Unifi Netzwerke. Deutsche IP Adresse f\u00fcr TV\",\"potentialAction\":[{\"@type\":\"SearchAction\",\"target\":{\"@type\":\"EntryPoint\",\"urlTemplate\":\"https:\\\/\\\/jumpit.eu\\\/es\\\/?s={search_term_string}\"},\"query-input\":{\"@type\":\"PropertyValueSpecification\",\"valueRequired\":true,\"valueName\":\"search_term_string\"}}],\"inLanguage\":\"es\"},{\"@type\":[\"Organization\",\"Place\",\"LocalBusiness\"],\"@id\":\"https:\\\/\\\/jumpit.eu\\\/es\\\/#organization\",\"name\":\"JumpIT EDV Service\",\"url\":\"https:\\\/\\\/jumpit.eu\\\/es\\\/\",\"logo\":{\"@id\":\"https:\\\/\\\/jumpit.eu\\\/es\\\/wifi-red-ubiquiti-unifi\\\/#local-main-organization-logo\"},\"image\":{\"@id\":\"https:\\\/\\\/jumpit.eu\\\/es\\\/wifi-red-ubiquiti-unifi\\\/#local-main-organization-logo\"},\"address\":{\"@id\":\"https:\\\/\\\/jumpit.eu\\\/es\\\/wifi-red-ubiquiti-unifi\\\/#local-main-place-address\"},\"telephone\":[\"+34644473220\"],\"openingHoursSpecification\":[{\"@type\":\"OpeningHoursSpecification\",\"dayOfWeek\":[\"Monday\",\"Tuesday\",\"Wednesday\",\"Thursday\",\"Friday\",\"Saturday\",\"Sunday\"],\"opens\":\"09:00\",\"closes\":\"17:00\"}],\"email\":\"info@jumpit.eu\",\"priceRange\":\"$$$\"},{\"@type\":\"PostalAddress\",\"@id\":\"https:\\\/\\\/jumpit.eu\\\/es\\\/wifi-red-ubiquiti-unifi\\\/#local-main-place-address\",\"streetAddress\":\"Carrer de la Marina 104\",\"addressLocality\":\"Llucmajor\",\"postalCode\":\"07620\",\"addressRegion\":\"Mallorca\",\"addressCountry\":\"ES\"},{\"@type\":\"ImageObject\",\"inLanguage\":\"es\",\"@id\":\"https:\\\/\\\/jumpit.eu\\\/es\\\/wifi-red-ubiquiti-unifi\\\/#local-main-organization-logo\",\"url\":\"https:\\\/\\\/jumpit.eu\\\/wp-content\\\/uploads\\\/2024\\\/08\\\/JumpIT-Logo-2024.svg\",\"contentUrl\":\"https:\\\/\\\/jumpit.eu\\\/wp-content\\\/uploads\\\/2024\\\/08\\\/JumpIT-Logo-2024.svg\",\"width\":227.46,\"height\":83.8,\"caption\":\"JumpIT EDV Service\"}]}<\/script>\n<meta name=\"geo.placename\" content=\"Llucmajor\" \/>\n<meta name=\"geo.region\" content=\"Espa\u00f1a\" \/>\n<!-- \/ Yoast SEO Premium plugin. -->","yoast_head_json":{"title":"Wifi\/red Ubiquiti Unifi - JumpIT Glasfaser Netzwerke und UNIFI \/ Ubiquiti","description":"Redes UNIFI, c\u00e1maras de seguridad y control de acceso\/interfonos. Amplia asesor\u00eda, instalaci\u00f3n y puesta en marcha.","robots":{"index":"index","follow":"follow","max-snippet":"max-snippet:-1","max-image-preview":"max-image-preview:large","max-video-preview":"max-video-preview:-1"},"canonical":"https:\/\/jumpit.eu\/es\/wifi-red-ubiquiti-unifi\/","og_locale":"es_ES","og_type":"article","og_title":"Wifi\/red Ubiquiti Unifi","og_description":"Redes UNIFI, c\u00e1maras de seguridad y control de acceso\/interfonos. Amplia asesor\u00eda, instalaci\u00f3n y puesta en marcha.","og_url":"https:\/\/jumpit.eu\/es\/wifi-red-ubiquiti-unifi\/","og_site_name":"JumpIT Glasfaser Netzwerke und UNIFI \/ Ubiquiti","article_modified_time":"2026-04-01T08:52:03+00:00","og_image":[{"width":768,"height":1024,"url":"https:\/\/jumpit.eu\/wp-content\/uploads\/2025\/06\/IMG_4349-768x1024.jpeg","type":"image\/jpeg"}],"twitter_card":"summary_large_image","schema":{"@context":"https:\/\/schema.org","@graph":[{"@type":"WebPage","@id":"https:\/\/jumpit.eu\/es\/wifi-red-ubiquiti-unifi\/","url":"https:\/\/jumpit.eu\/es\/wifi-red-ubiquiti-unifi\/","name":"Wifi\/red Ubiquiti Unifi - JumpIT Glasfaser Netzwerke und UNIFI \/ Ubiquiti","isPartOf":{"@id":"https:\/\/jumpit.eu\/es\/#website"},"primaryImageOfPage":{"@id":"https:\/\/jumpit.eu\/es\/wifi-red-ubiquiti-unifi\/#primaryimage"},"image":{"@id":"https:\/\/jumpit.eu\/es\/wifi-red-ubiquiti-unifi\/#primaryimage"},"thumbnailUrl":"https:\/\/jumpit.eu\/wp-content\/uploads\/2025\/06\/IMG_4349.jpeg","datePublished":"2024-10-08T06:39:37+00:00","dateModified":"2026-04-01T08:52:03+00:00","description":"Redes UNIFI, c\u00e1maras de seguridad y control de acceso\/interfonos. Amplia asesor\u00eda, instalaci\u00f3n y puesta en marcha.","breadcrumb":{"@id":"https:\/\/jumpit.eu\/es\/wifi-red-ubiquiti-unifi\/#breadcrumb"},"inLanguage":"es","potentialAction":[{"@type":"ReadAction","target":["https:\/\/jumpit.eu\/es\/wifi-red-ubiquiti-unifi\/"]}]},{"@type":"ImageObject","inLanguage":"es","@id":"https:\/\/jumpit.eu\/es\/wifi-red-ubiquiti-unifi\/#primaryimage","url":"https:\/\/jumpit.eu\/wp-content\/uploads\/2025\/06\/IMG_4349.jpeg","contentUrl":"https:\/\/jumpit.eu\/wp-content\/uploads\/2025\/06\/IMG_4349.jpeg","width":6048,"height":8064,"caption":"JumpIT UNIFI Un dispositivo blanco inal\u00e1mbrico UNIFI-Mallorca con dos antenas y una c\u00e1mara de vigilancia est\u00e1n montados en un poste de madera. Debajo se ven paneles solares. El fondo muestra campos verdes y un cielo parcialmente nublado."},{"@type":"BreadcrumbList","@id":"https:\/\/jumpit.eu\/es\/wifi-red-ubiquiti-unifi\/#breadcrumb","itemListElement":[{"@type":"ListItem","position":1,"name":"Startseite","item":"https:\/\/jumpit.eu\/es\/jumpit-netzwerktechnik-ubiquiti-fibra-optica-wifi\/"},{"@type":"ListItem","position":2,"name":"Wifi\/red Ubiquiti Unifi"}]},{"@type":"WebSite","@id":"https:\/\/jumpit.eu\/es\/#website","url":"https:\/\/jumpit.eu\/es\/","name":"JumpIT Glasfaser Netzwerke und UNIFI \/ Ubiquiti","description":"Elektriker sind keine Netzwerk Spezialisten!","publisher":{"@id":"https:\/\/jumpit.eu\/es\/#organization"},"alternateName":"Starlink, Ubiquiti, Unifi Netzwerke. Deutsche IP Adresse f\u00fcr TV","potentialAction":[{"@type":"SearchAction","target":{"@type":"EntryPoint","urlTemplate":"https:\/\/jumpit.eu\/es\/?s={search_term_string}"},"query-input":{"@type":"PropertyValueSpecification","valueRequired":true,"valueName":"search_term_string"}}],"inLanguage":"es"},{"@type":["Organization","Place","LocalBusiness"],"@id":"https:\/\/jumpit.eu\/es\/#organization","name":"JumpIT EDV Service","url":"https:\/\/jumpit.eu\/es\/","logo":{"@id":"https:\/\/jumpit.eu\/es\/wifi-red-ubiquiti-unifi\/#local-main-organization-logo"},"image":{"@id":"https:\/\/jumpit.eu\/es\/wifi-red-ubiquiti-unifi\/#local-main-organization-logo"},"address":{"@id":"https:\/\/jumpit.eu\/es\/wifi-red-ubiquiti-unifi\/#local-main-place-address"},"telephone":["+34644473220"],"openingHoursSpecification":[{"@type":"OpeningHoursSpecification","dayOfWeek":["Monday","Tuesday","Wednesday","Thursday","Friday","Saturday","Sunday"],"opens":"09:00","closes":"17:00"}],"email":"info@jumpit.eu","priceRange":"$$$"},{"@type":"PostalAddress","@id":"https:\/\/jumpit.eu\/es\/wifi-red-ubiquiti-unifi\/#local-main-place-address","streetAddress":"Carrer de la Marina 104","addressLocality":"Llucmajor","postalCode":"07620","addressRegion":"Mallorca","addressCountry":"ES"},{"@type":"ImageObject","inLanguage":"es","@id":"https:\/\/jumpit.eu\/es\/wifi-red-ubiquiti-unifi\/#local-main-organization-logo","url":"https:\/\/jumpit.eu\/wp-content\/uploads\/2024\/08\/JumpIT-Logo-2024.svg","contentUrl":"https:\/\/jumpit.eu\/wp-content\/uploads\/2024\/08\/JumpIT-Logo-2024.svg","width":227.46,"height":83.8,"caption":"JumpIT EDV Service"}]},"geo.placename":"Llucmajor","geo.region":"Espa\u00f1a"},"_links":{"self":[{"href":"https:\/\/jumpit.eu\/es\/wp-json\/wp\/v2\/pages\/441","targetHints":{"allow":["GET"]}}],"collection":[{"href":"https:\/\/jumpit.eu\/es\/wp-json\/wp\/v2\/pages"}],"about":[{"href":"https:\/\/jumpit.eu\/es\/wp-json\/wp\/v2\/types\/page"}],"author":[{"embeddable":true,"href":"https:\/\/jumpit.eu\/es\/wp-json\/wp\/v2\/users\/1"}],"replies":[{"embeddable":true,"href":"https:\/\/jumpit.eu\/es\/wp-json\/wp\/v2\/comments?post=441"}],"version-history":[{"count":2,"href":"https:\/\/jumpit.eu\/es\/wp-json\/wp\/v2\/pages\/441\/revisions"}],"predecessor-version":[{"id":782,"href":"https:\/\/jumpit.eu\/es\/wp-json\/wp\/v2\/pages\/441\/revisions\/782"}],"wp:featuredmedia":[{"embeddable":true,"href":"https:\/\/jumpit.eu\/es\/wp-json\/wp\/v2\/media\/442"}],"wp:attachment":[{"href":"https:\/\/jumpit.eu\/es\/wp-json\/wp\/v2\/media?parent=441"}],"curies":[{"name":"wp","href":"https:\/\/api.w.org\/{rel}","templated":true}]}}